{"id":1198,"date":"2021-03-15T08:42:04","date_gmt":"2021-03-15T08:42:04","guid":{"rendered":"https:\/\/www.hphandling.com\/home\/"},"modified":"2022-07-13T14:03:29","modified_gmt":"2022-07-13T14:03:29","slug":"home","status":"publish","type":"page","link":"https:\/\/www.hphandling.com\/vi\/","title":{"rendered":"Home"},"content":{"rendered":"<div class=\"wpb-content-wrapper\"><p>[vc_row row_height_percent=&#8221;60&#8243; back_image=&#8221;755&#8243; overlay_color=&#8221;color-jevc&#8221; overlay_alpha=&#8221;20&#8243; gutter_size=&#8221;3&#8243; column_width_percent=&#8221;100&#8243; shift_y=&#8221;0&#8243; z_index=&#8221;0&#8243;][vc_column column_width_percent=&#8221;100&#8243; position_vertical=&#8221;bottom&#8221; gutter_size=&#8221;3&#8243; style=&#8221;dark&#8221; overlay_alpha=&#8221;50&#8243; shift_x=&#8221;0&#8243; shift_y=&#8221;0&#8243; shift_y_down=&#8221;0&#8243; z_index=&#8221;0&#8243; medium_width=&#8221;0&#8243; mobile_width=&#8221;0&#8243; width=&#8221;1\/1&#8243;][vc_custom_heading text_color=&#8221;color-xsdn&#8221; text_size=&#8221;fontsize-108242&#8243; text_transform=&#8221;uppercase&#8221;]HP HANDLING[\/vc_custom_heading][\/vc_column][\/vc_row][vc_row unlock_row_content=&#8221;yes&#8221; row_height_percent=&#8221;0&#8243; override_padding=&#8221;yes&#8221; h_padding=&#8221;0&#8243; top_padding=&#8221;0&#8243; bottom_padding=&#8221;0&#8243; back_color=&#8221;color-wayh&#8221; overlay_alpha=&#8221;50&#8243; gutter_size=&#8221;3&#8243; column_width_percent=&#8221;100&#8243; shift_y=&#8221;0&#8243; z_index=&#8221;0&#8243;][vc_column column_width_percent=&#8221;100&#8243; gutter_size=&#8221;3&#8243; style=&#8221;dark&#8221; overlay_alpha=&#8221;50&#8243; shift_x=&#8221;0&#8243; shift_y=&#8221;0&#8243; shift_y_down=&#8221;0&#8243; z_index=&#8221;0&#8243; medium_width=&#8221;0&#8243; mobile_width=&#8221;0&#8243; width=&#8221;1\/2&#8243;][vc_single_image media=&#8221;105&#8243; media_width_percent=&#8221;100&#8243;][\/vc_column][vc_column width=&#8221;1\/2&#8243;][\/vc_column][\/vc_row][vc_row row_height_percent=&#8221;82&#8243; override_padding=&#8221;yes&#8221; h_padding=&#8221;2&#8243; top_padding=&#8221;4&#8243; bottom_padding=&#8221;4&#8243; back_color=&#8221;color-wayh&#8221; back_image=&#8221;118&#8243; back_repeat=&#8221;no-repeat&#8221; back_position=&#8221;left center&#8221; overlay_alpha=&#8221;50&#8243; gutter_size=&#8221;3&#8243; column_width_percent=&#8221;100&#8243; shift_y=&#8221;0&#8243; z_index=&#8221;0&#8243; back_size=&#8221;622px 1157px&#8221;][vc_column column_width_percent=&#8221;100&#8243; position_vertical=&#8221;middle&#8221; gutter_size=&#8221;3&#8243; style=&#8221;dark&#8221; overlay_alpha=&#8221;50&#8243; shift_x=&#8221;0&#8243; shift_y=&#8221;0&#8243; shift_y_down=&#8221;0&#8243; z_index=&#8221;0&#8243; medium_width=&#8221;0&#8243; mobile_width=&#8221;0&#8243; width=&#8221;1\/1&#8243;][vc_row_inner][vc_column_inner column_width_percent=&#8221;100&#8243; gutter_size=&#8221;3&#8243; style=&#8221;dark&#8221; overlay_alpha=&#8221;50&#8243; shift_x=&#8221;0&#8243; shift_y=&#8221;0&#8243; shift_y_down=&#8221;0&#8243; z_index=&#8221;0&#8243; medium_width=&#8221;0&#8243; mobile_width=&#8221;0&#8243; width=&#8221;1\/2&#8243;][vc_column_text uncode_shortcode_id=&#8221;165551&#8243;]HP HANDLING k\u1ebft h\u1ee3p ph\u01b0\u01a1ng ph\u00e1p ti\u1ebfp c\u1eadn to\u00e0n di\u1ec7n hi\u1ec7n \u0111\u1ea1i v\u1edbi kinh nghi\u1ec7m X\u1eed l\u00fd nguy\u00ean li\u1ec7u d\u1ea1ng h\u1ea1t v\u00e0 h\u1ea1t kh\u00f4. \u0110\u1ed9i ng\u0169 nh\u00e2n vi\u00ean n\u0103ng \u0111\u1ed9ng v\u00e0 c\u00f3 kinh nghi\u1ec7m d\u00e0y d\u1eb7n do ho\u1ea1t \u0111\u1ed9ng trong trong nhi\u1ec1u th\u1eadp k\u1ef7 \u1edf c\u00e1c l\u0129nh v\u1ef1c k\u1ef9 thu\u1eadt, s\u1ea3n xu\u1ea5t, gi\u00e1m s\u00e1t v\u00e0 v\u1eadn h\u00e0nh nh\u00e0 m\u00e1y tr\u00ean to\u00e0n th\u1ebf gi\u1edbi.<\/p>\n<p>Ch\u00fang t\u00f4i ch\u1ee7 y\u1ebfu t\u1eadp trung cung c\u1ea5p c\u00e1c h\u1ec7 th\u1ed1ng LINH HO\u1ea0T v\u00e0 \u0110\u00c1NG TIN C\u1eacY. Nh\u1edd c\u00f3 s\u1eb5n c\u00e1c s\u1ea3n ph\u1ea9m v\u00e0 gi\u1ea3i ph\u00e1p n\u00ean HP HANDLING c\u00f3 th\u1ec3 \u0111\u1ec1 xu\u1ea5t c\u00e1c c\u00f4ng ngh\u1ec7 kh\u00e1c nhau, \u0111\u00e1p \u1ee9ng \u0111\u1ea7y \u0111\u1ee7 c\u00e1c y\u00eau c\u1ea7u c\u1ee7a d\u1ef1 \u00e1n v\u1ec1 ti\u00eau chu\u1ea9n ho\u1ea1t \u0111\u1ed9ng, kh\u00f4ng gian c\u00f3 s\u1eb5n v\u00e0 \u0111i\u1ec1u ki\u1ec7n m\u00f4i tr\u01b0\u1eddng c\u0169ng nh\u01b0 so s\u00e1nh \u01b0u v\u00e0 nh\u01b0\u1ee3c \u0111i\u1ec3m c\u1ee7a t\u1eebng c\u00f4ng ngh\u1ec7.[\/vc_column_text][\/vc_column_inner][vc_column_inner column_width_percent=&#8221;100&#8243; gutter_size=&#8221;3&#8243; style=&#8221;dark&#8221; overlay_alpha=&#8221;50&#8243; shift_x=&#8221;0&#8243; shift_y=&#8221;0&#8243; shift_y_down=&#8221;0&#8243; z_index=&#8221;0&#8243; medium_width=&#8221;0&#8243; mobile_width=&#8221;0&#8243; width=&#8221;1\/2&#8243;][vc_column_text uncode_shortcode_id=&#8221;167305&#8243;]Ch\u00fang t\u00f4i thi\u1ebft k\u1ebf, s\u1ea3n xu\u1ea5t v\u00e0 cung c\u1ea5p c\u00e1c thi\u1ebft b\u1ecb \u0111\u01a1n l\u1ebb ho\u1eb7c to\u00e0n b\u1ed9 nh\u00e0 m\u00e1y t\u1eeb \u0111\u1ea7u v\u00e0o \u0111\u1ebfn \u0111\u1ea7u ra nh\u1eb1m \u0111\u1ea1t \u0111\u01b0\u1ee3c \u0110\u1ed8 TIN C\u1eacY v\u00e0 hi\u1ec7u su\u1ea5t theo ti\u00eau chu\u1ea9n th\u1ecb tr\u01b0\u1eddng t\u1ed1t nh\u1ea5t bao g\u1ed3m ph\u1ea7n m\u1ec1m qu\u1ea3n l\u00fd nh\u00e0 m\u00e1y v\u00e0 t\u1ef1 \u0111\u1ed9ng h\u00f3a.<\/p>\n<p>M\u1ed9t ti\u00eau ch\u00ed quan tr\u1ecdng n\u1eefa \u0111\u00e3 h\u00ecnh th\u00e0nh h\u1ec7 th\u1ed1ng c\u1ee7a ch\u00fang t\u00f4i \u0111\u00f3 l\u00e0 t\u1ea1o GI\u00c1 TR\u1eca \u0110\u1ea6U T\u01af T\u1ed0T NH\u1ea4T cho Kh\u00e1ch h\u00e0ng b\u1eb1ng c\u00e1ch \u0111\u00e1nh gi\u00e1 T\u1ed5ng Chi ph\u00ed S\u1edf h\u1eefu nh\u1eb1m t\u1ed1i \u01b0u h\u00f3a t\u1ef7 l\u1ec7 gi\u1eefa chi ph\u00ed \u0111\u1ea7u t\u01b0 CAPEX v\u00e0 chi ph\u00ed v\u1eadn h\u00e0nh OPEX.[\/vc_column_text][\/vc_column_inner][\/vc_row_inner][vc_empty_space empty_h=&#8221;4&#8243;][\/vc_column][\/vc_row][vc_row unlock_row_content=&#8221;yes&#8221; row_height_percent=&#8221;0&#8243; override_padding=&#8221;yes&#8221; h_padding=&#8221;0&#8243; top_padding=&#8221;0&#8243; bottom_padding=&#8221;0&#8243; back_color=&#8221;color-wayh&#8221; overlay_alpha=&#8221;50&#8243; gutter_size=&#8221;3&#8243; column_width_percent=&#8221;100&#8243; shift_y=&#8221;0&#8243; z_index=&#8221;0&#8243;][vc_column column_width_percent=&#8221;100&#8243; gutter_size=&#8221;3&#8243; style=&#8221;dark&#8221; overlay_alpha=&#8221;50&#8243; shift_x=&#8221;0&#8243; shift_y=&#8221;0&#8243; shift_y_down=&#8221;0&#8243; z_index=&#8221;0&#8243; medium_width=&#8221;0&#8243; mobile_width=&#8221;0&#8243; width=&#8221;1\/2&#8243;][vc_single_image media=&#8221;105&#8243; media_width_percent=&#8221;100&#8243;][\/vc_column][vc_column width=&#8221;1\/2&#8243;][\/vc_column][\/vc_row][vc_row unlock_row_content=&#8221;yes&#8221; row_height_percent=&#8221;0&#8243; override_padding=&#8221;yes&#8221; h_padding=&#8221;6&#8243; top_padding=&#8221;7&#8243; bottom_padding=&#8221;7&#8243; back_color=&#8221;color-xsdn&#8221; overlay_alpha=&#8221;50&#8243; gutter_size=&#8221;3&#8243; column_width_percent=&#8221;77&#8243; shift_y=&#8221;0&#8243; z_index=&#8221;0&#8243;][vc_column column_width_percent=&#8221;79&#8243; position_horizontal=&#8221;left&#8221; gutter_size=&#8221;3&#8243; overlay_alpha=&#8221;50&#8243; shift_x=&#8221;0&#8243; shift_y=&#8221;0&#8243; shift_y_down=&#8221;0&#8243; z_index=&#8221;0&#8243; medium_width=&#8221;0&#8243; mobile_width=&#8221;0&#8243; width=&#8221;1\/2&#8243;][vc_custom_heading text_color=&#8221;accent&#8221; text_size=&#8221;fontsize-108242&#8243; css_animation=&#8221;left-t-right&#8221; animation_delay=&#8221;400&#8243; el_class=&#8221;nomargin&#8221; uncode_shortcode_id=&#8221;738890&#8243; text_color_type=&#8221;uncode-palette&#8221;]T\u1ea0I SAO[\/vc_custom_heading][vc_custom_heading text_color=&#8221;color-jevc&#8221; text_transform=&#8221;uppercase&#8221; css_animation=&#8221;left-t-right&#8221; animation_delay=&#8221;700&#8243; el_class=&#8221;nomargin&#8221;]hp handling?[\/vc_custom_heading][vc_column_text css_animation=&#8221;alpha-anim&#8221; animation_delay=&#8221;800&#8243; uncode_shortcode_id=&#8221;224234&#8243;]HP HANDLING h\u1ed7 tr\u1ee3 Kh\u00e1ch h\u00e0ng t\u1eeb giai \u0111o\u1ea1n nghi\u00ean c\u1ee9u t\u00ednh kh\u1ea3 thi, qui tr\u00ecnh k\u1ef9 thu\u1eadt cho \u0111\u1ebfn giai \u0111o\u1ea1n c\u00e0i \u0111\u1eb7t bao g\u1ed3m c\u1ea3 k\u1ebft n\u1ed1i v\u1edbi ngu\u1ed3n \u0111i\u1ec7n.[\/vc_column_text][\/vc_column][vc_column width=&#8221;1\/2&#8243;][vc_single_image media=&#8221;768&#8243; media_width_percent=&#8221;100&#8243;][\/vc_column][\/vc_row][vc_row unlock_row_content=&#8221;yes&#8221; row_height_percent=&#8221;0&#8243; override_padding=&#8221;yes&#8221; h_padding=&#8221;0&#8243; top_padding=&#8221;0&#8243; bottom_padding=&#8221;0&#8243; overlay_alpha=&#8221;50&#8243; gutter_size=&#8221;3&#8243; column_width_percent=&#8221;100&#8243; shift_y=&#8221;0&#8243; z_index=&#8221;0&#8243;][vc_column width=&#8221;2\/3&#8243;][\/vc_column][vc_column width=&#8221;1\/3&#8243;][vc_single_image media=&#8221;92&#8243; media_width_percent=&#8221;100&#8243;][\/vc_column][\/vc_row][vc_row row_height_percent=&#8221;0&#8243; back_color=&#8221;color-lxmt&#8221; overlay_alpha=&#8221;50&#8243; gutter_size=&#8221;3&#8243; column_width_percent=&#8221;100&#8243; shift_y=&#8221;0&#8243; z_index=&#8221;0&#8243; el_id=&#8221;keyassets&#8221;][vc_column width=&#8221;1\/1&#8243;][vc_empty_space empty_h=&#8221;4&#8243;][vc_custom_heading text_color=&#8221;accent&#8221; text_size=&#8221;fontsize-108242&#8243; text_transform=&#8221;uppercase&#8221;]Key assets[\/vc_custom_heading][vc_empty_space empty_h=&#8221;2&#8243;][vc_row_inner row_inner_height_percent=&#8221;0&#8243; overlay_alpha=&#8221;50&#8243; gutter_size=&#8221;4&#8243; shift_y=&#8221;0&#8243; z_index=&#8221;0&#8243;][vc_column_inner width=&#8221;1\/2&#8243;][vc_custom_heading text_color=&#8221;color-jevc&#8221; text_size=&#8221;h3&#8243; separator=&#8221;over&#8221; uncode_shortcode_id=&#8221;204194&#8243; text_color_type=&#8221;uncode-palette&#8221;]H\u1ed7 tr\u1ee3 Kh\u00e1ch h\u00e0ng t\u1eeb giai \u0111o\u1ea1n xem x\u00e9t t\u00ednh kh\u1ea3 thi[\/vc_custom_heading][vc_column_text uncode_shortcode_id=&#8221;835849&#8243;]HPH c\u00f3 th\u1ec3 cung c\u1ea5p \u0111\u1ea7y \u0111\u1ee7 v\u00e0 \u0111a d\u1ea1ng c\u00e1c h\u1ec7 th\u1ed1ng x\u1eed l\u00fd. Trong c\u00e1c d\u1ef1 \u00e1n ph\u1ee9c t\u1ea1p, ch\u00fang t\u00f4i h\u1ed7 tr\u1ee3 Kh\u00e1ch h\u00e0ng \u0111\u00e1nh gi\u00e1 c\u00e1c y\u1ebfu t\u1ed1 li\u00ean quan \u0111\u1ebfn v\u1ecb tr\u00ed, y\u00eau c\u1ea7u ho\u1ea1t \u0111\u1ed9ng v\u00e0 ph\u01b0\u01a1ng ph\u00e1p t\u1ed1t nh\u1ea5t \u0111\u1ec3 \u0111\u01b0a ra l\u1ef1a ch\u1ecdn gi\u1ea3i ph\u00e1p t\u1ed1t nh\u1ea5t.[\/vc_column_text][\/vc_column_inner][vc_column_inner width=&#8221;1\/2&#8243;][vc_custom_heading text_color=&#8221;color-jevc&#8221; text_size=&#8221;h3&#8243; separator=&#8221;over&#8221; uncode_shortcode_id=&#8221;492051&#8243; text_color_type=&#8221;uncode-palette&#8221;]T\u00f9y ch\u1ec9nh \u0111\u1ea7y \u0111\u1ee7 theo y\u00eau c\u1ea7u kh\u00e1ch h\u00e0ng[\/vc_custom_heading][vc_column_text uncode_shortcode_id=&#8221;169764&#8243;]Ch\u00fang t\u00f4i thi\u1ebft k\u1ebf c\u1ee7a m\u1ed7i d\u1ef1 \u00e1n ngay t\u1eeb \u0111\u1ea7u, vi\u1ec7c t\u00f9y ch\u1ec9nh to\u00e0n b\u1ed9 c\u00e1c gi\u1ea3i ph\u00e1p mang l\u1ea1i s\u1ef1 linh ho\u1ea1t v\u00e0 ph\u00f9 h\u1ee3p \u0111\u1ec3 x\u1eed l\u00fd s\u1ea3n ph\u1ea9m m\u1ed9t c\u00e1ch c\u1ea9n th\u1eadn.[\/vc_column_text][\/vc_column_inner][\/vc_row_inner][vc_empty_space empty_h=&#8221;2&#8243;][vc_row_inner row_inner_height_percent=&#8221;0&#8243; overlay_alpha=&#8221;50&#8243; gutter_size=&#8221;4&#8243; shift_y=&#8221;0&#8243; z_index=&#8221;0&#8243;][vc_column_inner width=&#8221;1\/2&#8243;][vc_custom_heading text_color=&#8221;color-jevc&#8221; text_size=&#8221;h3&#8243; separator=&#8221;over&#8221; uncode_shortcode_id=&#8221;100166&#8243; text_color_type=&#8221;uncode-palette&#8221;]T\u00edch h\u1ee3p \u0111\u1ea7y \u0111\u1ee7 thi\u1ebft b\u1ecb cho \u0111\u1ebfn gi\u1ea3i ph\u00e1p Ch\u00eca kh\u00f3a trao tay g\u1ed3m c\u1ea3 b\u1ed1c \/ d\u1ee1 h\u00e0ng.[\/vc_custom_heading][vc_column_text uncode_shortcode_id=&#8221;820121&#8243;]HPH \u0111\u1ec1 xu\u1ea5t m\u1ed9t thi\u1ebft k\u1ebf s\u1eafp x\u1ebfp h\u1ee3p l\u00fd sao cho c\u00e1c h\u1ec7 th\u1ed1ng \u0111\u01b0\u1ee3c trang b\u1ecb \u0111\u1ea7y \u0111\u1ee7, t\u1eeb \u0111i\u1ec3m k\u1ebft n\u1ed1i ngu\u1ed3n \u0111\u1ebfn \u0111i\u1ec3m d\u1ee1 h\u00e0ng.[\/vc_column_text][\/vc_column_inner][vc_column_inner width=&#8221;1\/2&#8243;][vc_custom_heading text_color=&#8221;color-jevc&#8221; text_size=&#8221;h3&#8243; separator=&#8221;over&#8221; uncode_shortcode_id=&#8221;778223&#8243; text_color_type=&#8221;uncode-palette&#8221;]S\u1ef1 hi\u1ec7n di\u1ec7n v\u00e0 d\u1ecbch v\u1ee5 t\u1ea1i \u0111\u1ecba ph\u01b0\u01a1ng[\/vc_custom_heading][vc_column_text uncode_shortcode_id=&#8221;212447&#8243;]HPH c\u00f3 m\u1ea1ng l\u01b0\u1edbi \u0111\u1ed1i t\u00e1c \u1edf c\u00e1c \u0111\u1ecba ph\u01b0\u01a1ng m\u1ea1nh m\u1ebd \u0111\u1ec3 theo d\u00f5i d\u1ef1 \u00e1n, ch\u1ebf t\u1ea1o, d\u1ecbch v\u1ee5 v\u00e0 cu\u1ed1i c\u00f9ng l\u00e0 thi c\u00f4ng.[\/vc_column_text][\/vc_column_inner][\/vc_row_inner][vc_empty_space empty_h=&#8221;2&#8243;][vc_row_inner row_inner_height_percent=&#8221;0&#8243; overlay_alpha=&#8221;50&#8243; gutter_size=&#8221;4&#8243; shift_y=&#8221;0&#8243; z_index=&#8221;0&#8243;][vc_column_inner width=&#8221;1\/2&#8243;][vc_custom_heading text_color=&#8221;color-jevc&#8221; text_size=&#8221;h3&#8243; separator=&#8221;over&#8221; uncode_shortcode_id=&#8221;135767&#8243; text_color_type=&#8221;uncode-palette&#8221;]T\u1ed1i \u01b0u h\u00f3a c\u00e1c quy tr\u00ecnh h\u1eadu c\u1ea7n v\u00e0 th\u00f4ng quan[\/vc_custom_heading][vc_column_text uncode_shortcode_id=&#8221;480312&#8243;]HPH \u0111\u00e3 thi\u1ebft l\u1eadp m\u1ed9t li\u00ean minh chi\u1ebfn l\u01b0\u1ee3c v\u1edbi m\u1ed9t \u0111\u01a1n v\u1ecb cung c\u1ea5p d\u1ecbch v\u1ee5 Logistic c\u00f3 kinh nghi\u1ec7m \u0111\u1ec3 t\u1ed1i \u01b0u h\u00f3a c\u00e1c quy tr\u00ecnh giao h\u00e0ng, th\u00f4ng quan v\u00e0 nh\u1eadp kh\u1ea9u bao g\u1ed3m c\u00e1c t\u00f9y ch\u1ecdn \u0111\u1ea7y \u0111\u1ee7 v\u00e0 c\u00e1c nguy\u00ean t\u1eafc tu\u00e2n th\u1ee7 H\u1ea3i quan.[\/vc_column_text][\/vc_column_inner][vc_column_inner width=&#8221;1\/2&#8243;][vc_custom_heading text_color=&#8221;color-jevc&#8221; text_size=&#8221;h3&#8243; separator=&#8221;over&#8221; uncode_shortcode_id=&#8221;120908&#8243; text_color_type=&#8221;uncode-palette&#8221;]Gi\u00e1 tr\u1ecb \u0111\u1ea7u t\u01b0 t\u1ed1t nh\u1ea5t[\/vc_custom_heading][vc_column_text uncode_shortcode_id=&#8221;314309&#8243;]HPH h\u1ed7 tr\u1ee3 \u0111\u00e1nh gi\u00e1 CAPEX \u0111\u1ea7u t\u01b0 c\u00f9ng v\u1edbi OPEX theo quan \u0111i\u1ec3m gi\u1ea3m thi\u1ec3u TCO (T\u1ed5ng chi ph\u00ed s\u1edf h\u1eefu); so s\u00e1nh \u01b0u nh\u01b0\u1ee3c \u0111i\u1ec3m v\u1edbi t\u00ednh linh ho\u1ea1t cao.[\/vc_column_text][\/vc_column_inner][\/vc_row_inner][vc_empty_space empty_h=&#8221;2&#8243;][vc_row_inner row_inner_height_percent=&#8221;0&#8243; overlay_alpha=&#8221;50&#8243; gutter_size=&#8221;4&#8243; shift_y=&#8221;0&#8243; z_index=&#8221;0&#8243;][vc_column_inner width=&#8221;1\/2&#8243;][vc_custom_heading text_color=&#8221;color-jevc&#8221; text_size=&#8221;h3&#8243; separator=&#8221;over&#8221; uncode_shortcode_id=&#8221;104047&#8243; text_color_type=&#8221;uncode-palette&#8221;]C\u1ea3i t\u1ea1o c\u00e1c thi\u1ebft b\u1ecb hi\u1ec7n c\u00f3[\/vc_custom_heading][vc_column_text uncode_shortcode_id=&#8221;952470&#8243;]C\u00e1c th\u00e0nh ph\u1ea7n m\u1edbi c\u00f3 th\u1ec3 \u0111\u01b0\u1ee3c t\u00edch h\u1ee3p v\u1edbi c\u00e1c th\u00e0nh ph\u1ea7n m\u1edbi ho\u1eb7c gi\u1ea3i ph\u00e1p t\u1ef1 \u0111\u1ed9ng \u0111\u1ec3 c\u1ea3i thi\u1ec7n hi\u1ec7u su\u1ea5t v\u00e0 \u0111\u00e1p \u1ee9ng c\u00e1c y\u00eau c\u1ea7u k\u1ef9 thu\u1eadt v\u00e0 m\u00f4i tr\u01b0\u1eddng m\u1edbi nh\u1ea5t[\/vc_column_text][\/vc_column_inner][vc_column_inner width=&#8221;1\/2&#8243;][vc_custom_heading text_color=&#8221;color-jevc&#8221; text_size=&#8221;h3&#8243; separator=&#8221;over&#8221; uncode_shortcode_id=&#8221;163452&#8243; text_color_type=&#8221;uncode-palette&#8221;]H\u1ed7 tr\u1ee3 t\u00e0i ch\u00ednh cho d\u1ef1 \u00e1n[\/vc_custom_heading][vc_column_text uncode_shortcode_id=&#8221;334227&#8243;]HPH h\u1ed7 tr\u1ee3 Kh\u00e1ch h\u00e0ng b\u1eb1ng c\u00e1c gi\u1ea3i ph\u00e1p t\u00edn d\u1ee5ng c\u1ee7a Nh\u00e0 cung c\u1ea5p ho\u1eb7c Ng\u01b0\u1eddi mua qua c\u01a1 quan t\u00edn d\u1ee5ng xu\u1ea5t kh\u1ea9u ECA ho\u1eb7c qu\u1ef9 t\u01b0 nh\u00e2n.[\/vc_column_text][\/vc_column_inner][\/vc_row_inner][vc_empty_space empty_h=&#8221;5&#8243;][\/vc_column][\/vc_row][vc_row row_height_percent=&#8221;80&#8243; back_image=&#8221;776&#8243; overlay_color=&#8221;color-jevc&#8221; overlay_alpha=&#8221;20&#8243; gutter_size=&#8221;3&#8243; column_width_percent=&#8221;100&#8243; shift_y=&#8221;0&#8243; z_index=&#8221;0&#8243;][vc_column width=&#8221;1\/1&#8243;][\/vc_column][\/vc_row]<\/p>\n<\/div>","protected":false},"excerpt":{"rendered":"<p>[vc_row row_height_percent=&#8221;60&#8243; back_image=&#8221;755&#8243; overlay_color=&#8221;color-jevc&#8221; overlay_alpha=&#8221;20&#8243; gutter_size=&#8221;3&#8243; column_width_percent=&#8221;100&#8243; shift_y=&#8221;0&#8243; z_index=&#8221;0&#8243;][vc_column column_width_percent=&#8221;100&#8243; position_vertical=&#8221;bottom&#8221; gutter_size=&#8221;3&#8243; style=&#8221;dark&#8221; overlay_alpha=&#8221;50&#8243; shift_x=&#8221;0&#8243; shift_y=&#8221;0&#8243; shift_y_down=&#8221;0&#8243; z_index=&#8221;0&#8243; medium_width=&#8221;0&#8243; mobile_width=&#8221;0&#8243; [&hellip;]<\/p>\n","protected":false},"author":1,"featured_media":0,"parent":0,"menu_order":10,"comment_status":"closed","ping_status":"closed","template":"","meta":{"footnotes":""},"class_list":["post-1198","page","type-page","status-publish","hentry"],"yoast_head":"<!-- This site is optimized with the Yoast SEO plugin v26.7 - https:\/\/yoast.com\/wordpress\/plugins\/seo\/ -->\n<title>Handling solution for food non-food industry processing plants HpHandling<\/title>\n<meta name=\"robots\" content=\"index, follow, max-snippet:-1, max-image-preview:large, max-video-preview:-1\" \/>\n<link rel=\"canonical\" href=\"https:\/\/www.hphandling.com\/vi\/home\/\" \/>\n<meta property=\"og:locale\" content=\"vi_VN\" \/>\n<meta property=\"og:type\" content=\"article\" \/>\n<meta property=\"og:title\" content=\"Handling solution for food non-food industry processing plants HpHandling\" \/>\n<meta property=\"og:description\" content=\"[vc_row row_height_percent=&#8221;60&#8243; back_image=&#8221;755&#8243; overlay_color=&#8221;color-jevc&#8221; overlay_alpha=&#8221;20&#8243; gutter_size=&#8221;3&#8243; column_width_percent=&#8221;100&#8243; shift_y=&#8221;0&#8243; z_index=&#8221;0&#8243;][vc_column column_width_percent=&#8221;100&#8243; position_vertical=&#8221;bottom&#8221; gutter_size=&#8221;3&#8243; style=&#8221;dark&#8221; overlay_alpha=&#8221;50&#8243; shift_x=&#8221;0&#8243; shift_y=&#8221;0&#8243; shift_y_down=&#8221;0&#8243; z_index=&#8221;0&#8243; medium_width=&#8221;0&#8243; mobile_width=&#8221;0&#8243; [&hellip;]\" \/>\n<meta property=\"og:url\" content=\"https:\/\/www.hphandling.com\/vi\/home\/\" \/>\n<meta property=\"og:site_name\" content=\"HP Handling\" \/>\n<meta property=\"article:modified_time\" content=\"2022-07-13T14:03:29+00:00\" \/>\n<meta name=\"twitter:card\" content=\"summary_large_image\" \/>\n<meta name=\"twitter:label1\" content=\"Est. reading time\" \/>\n\t<meta name=\"twitter:data1\" content=\"5 minutes\" \/>\n<script type=\"application\/ld+json\" class=\"yoast-schema-graph\">{\"@context\":\"https:\/\/schema.org\",\"@graph\":[{\"@type\":\"WebPage\",\"@id\":\"https:\/\/www.hphandling.com\/vi\/home\/\",\"url\":\"https:\/\/www.hphandling.com\/vi\/home\/\",\"name\":\"Handling solution for food non-food industry processing plants HpHandling\",\"isPartOf\":{\"@id\":\"https:\/\/www.hphandling.com\/#website\"},\"datePublished\":\"2021-03-15T08:42:04+00:00\",\"dateModified\":\"2022-07-13T14:03:29+00:00\",\"breadcrumb\":{\"@id\":\"https:\/\/www.hphandling.com\/vi\/home\/#breadcrumb\"},\"inLanguage\":\"vi-VN\",\"potentialAction\":[{\"@type\":\"ReadAction\",\"target\":[\"https:\/\/www.hphandling.com\/vi\/home\/\"]}]},{\"@type\":\"BreadcrumbList\",\"@id\":\"https:\/\/www.hphandling.com\/vi\/home\/#breadcrumb\",\"itemListElement\":[{\"@type\":\"ListItem\",\"position\":1,\"name\":\"Home\",\"item\":\"https:\/\/www.hphandling.com\/vi\/home\/\"},{\"@type\":\"ListItem\",\"position\":2,\"name\":\"Home\"}]},{\"@type\":\"WebSite\",\"@id\":\"https:\/\/www.hphandling.com\/#website\",\"url\":\"https:\/\/www.hphandling.com\/\",\"name\":\"HP Handling\",\"description\":\"Handling solution for food non-food industry processing plants\",\"potentialAction\":[{\"@type\":\"SearchAction\",\"target\":{\"@type\":\"EntryPoint\",\"urlTemplate\":\"https:\/\/www.hphandling.com\/?s={search_term_string}\"},\"query-input\":{\"@type\":\"PropertyValueSpecification\",\"valueRequired\":true,\"valueName\":\"search_term_string\"}}],\"inLanguage\":\"vi-VN\"}]}<\/script>\n<!-- \/ Yoast SEO plugin. -->","yoast_head_json":{"title":"Handling solution for food non-food industry processing plants HpHandling","robots":{"index":"index","follow":"follow","max-snippet":"max-snippet:-1","max-image-preview":"max-image-preview:large","max-video-preview":"max-video-preview:-1"},"canonical":"https:\/\/www.hphandling.com\/vi\/home\/","og_locale":"vi_VN","og_type":"article","og_title":"Handling solution for food non-food industry processing plants HpHandling","og_description":"[vc_row row_height_percent=&#8221;60&#8243; back_image=&#8221;755&#8243; overlay_color=&#8221;color-jevc&#8221; overlay_alpha=&#8221;20&#8243; gutter_size=&#8221;3&#8243; column_width_percent=&#8221;100&#8243; shift_y=&#8221;0&#8243; z_index=&#8221;0&#8243;][vc_column column_width_percent=&#8221;100&#8243; position_vertical=&#8221;bottom&#8221; gutter_size=&#8221;3&#8243; style=&#8221;dark&#8221; overlay_alpha=&#8221;50&#8243; shift_x=&#8221;0&#8243; shift_y=&#8221;0&#8243; shift_y_down=&#8221;0&#8243; z_index=&#8221;0&#8243; medium_width=&#8221;0&#8243; mobile_width=&#8221;0&#8243; [&hellip;]","og_url":"https:\/\/www.hphandling.com\/vi\/home\/","og_site_name":"HP Handling","article_modified_time":"2022-07-13T14:03:29+00:00","twitter_card":"summary_large_image","twitter_misc":{"Est. reading time":"5 minutes"},"schema":{"@context":"https:\/\/schema.org","@graph":[{"@type":"WebPage","@id":"https:\/\/www.hphandling.com\/vi\/home\/","url":"https:\/\/www.hphandling.com\/vi\/home\/","name":"Handling solution for food non-food industry processing plants HpHandling","isPartOf":{"@id":"https:\/\/www.hphandling.com\/#website"},"datePublished":"2021-03-15T08:42:04+00:00","dateModified":"2022-07-13T14:03:29+00:00","breadcrumb":{"@id":"https:\/\/www.hphandling.com\/vi\/home\/#breadcrumb"},"inLanguage":"vi-VN","potentialAction":[{"@type":"ReadAction","target":["https:\/\/www.hphandling.com\/vi\/home\/"]}]},{"@type":"BreadcrumbList","@id":"https:\/\/www.hphandling.com\/vi\/home\/#breadcrumb","itemListElement":[{"@type":"ListItem","position":1,"name":"Home","item":"https:\/\/www.hphandling.com\/vi\/home\/"},{"@type":"ListItem","position":2,"name":"Home"}]},{"@type":"WebSite","@id":"https:\/\/www.hphandling.com\/#website","url":"https:\/\/www.hphandling.com\/","name":"HP Handling","description":"Handling solution for food non-food industry processing plants","potentialAction":[{"@type":"SearchAction","target":{"@type":"EntryPoint","urlTemplate":"https:\/\/www.hphandling.com\/?s={search_term_string}"},"query-input":{"@type":"PropertyValueSpecification","valueRequired":true,"valueName":"search_term_string"}}],"inLanguage":"vi-VN"}]}},"_links":{"self":[{"href":"https:\/\/www.hphandling.com\/vi\/wp-json\/wp\/v2\/pages\/1198","targetHints":{"allow":["GET"]}}],"collection":[{"href":"https:\/\/www.hphandling.com\/vi\/wp-json\/wp\/v2\/pages"}],"about":[{"href":"https:\/\/www.hphandling.com\/vi\/wp-json\/wp\/v2\/types\/page"}],"author":[{"embeddable":true,"href":"https:\/\/www.hphandling.com\/vi\/wp-json\/wp\/v2\/users\/1"}],"replies":[{"embeddable":true,"href":"https:\/\/www.hphandling.com\/vi\/wp-json\/wp\/v2\/comments?post=1198"}],"version-history":[{"count":3,"href":"https:\/\/www.hphandling.com\/vi\/wp-json\/wp\/v2\/pages\/1198\/revisions"}],"predecessor-version":[{"id":1324,"href":"https:\/\/www.hphandling.com\/vi\/wp-json\/wp\/v2\/pages\/1198\/revisions\/1324"}],"wp:attachment":[{"href":"https:\/\/www.hphandling.com\/vi\/wp-json\/wp\/v2\/media?parent=1198"}],"curies":[{"name":"wp","href":"https:\/\/api.w.org\/{rel}","templated":true}]}}